{"id":66,"date":"2018-06-07T11:05:48","date_gmt":"2018-06-07T09:05:48","guid":{"rendered":"http:\/\/isanortango.fr\/?page_id=66"},"modified":"2024-07-03T08:46:13","modified_gmt":"2024-07-03T06:46:13","slug":"milongas","status":"publish","type":"page","link":"https:\/\/isanortango.fr\/?page_id=66","title":{"rendered":"Milongas"},"content":{"rendered":"\n<div class=\"wp-block-columns alignfull is-layout-flex wp-container-core-columns-is-layout-28f84493 wp-block-columns-is-layout-flex\">\n<div class=\"wp-block-column is-layout-flow wp-block-column-is-layout-flow\">\n<p><\/p>\n\n\n\n<figure class=\"wp-block-image aligncenter size-large is-resized has-custom-border\"><img loading=\"lazy\" decoding=\"async\" width=\"1024\" height=\"769\" src=\"https:\/\/isanortango.fr\/wp-content\/uploads\/2022\/10\/IMG_20220612_004843_1280-1024x769.jpg\" alt=\"\" class=\"wp-image-403\" style=\"border-radius:10px;width:1024px;height:769px\" srcset=\"https:\/\/isanortango.fr\/wp-content\/uploads\/2022\/10\/IMG_20220612_004843_1280-1024x769.jpg 1024w, https:\/\/isanortango.fr\/wp-content\/uploads\/2022\/10\/IMG_20220612_004843_1280-300x225.jpg 300w, https:\/\/isanortango.fr\/wp-content\/uploads\/2022\/10\/IMG_20220612_004843_1280-768x577.jpg 768w, https:\/\/isanortango.fr\/wp-content\/uploads\/2022\/10\/IMG_20220612_004843_1280.jpg 1280w\" sizes=\"auto, (max-width: 1024px) 100vw, 1024px\" \/><\/figure>\n<\/div>\n<\/div>\n\n\n<div id=\"cc-m-13909009630\" class=\"j-module n j-text \">\n<p><img loading=\"lazy\" decoding=\"async\" class=\"size-medium wp-image-100 alignleft\" src=\"https:\/\/isanortango.fr\/wp-content\/uploads\/2018\/06\/Photo-1-225x300.jpg\" alt=\"\" width=\"225\" height=\"300\" srcset=\"https:\/\/isanortango.fr\/wp-content\/uploads\/2018\/06\/Photo-1-225x300.jpg 225w, https:\/\/isanortango.fr\/wp-content\/uploads\/2018\/06\/Photo-1.jpg 284w\" sizes=\"auto, (max-width: 225px) 100vw, 225px\" \/><\/p>\n<p style=\"text-align: left;\">Une milonga est une soir\u00e9e, un bal, o\u00f9 l&rsquo;on danse le tango argentin.<\/p>\n<\/div>\n<div id=\"cc-m-13909018330\" class=\"j-module n j-text \">\n<p>L&rsquo;association organise une milonga le <strong>premier samedi de chaque mois<\/strong> de 20h \u00e0 minuit.<\/p>\n<p>Participations aux frais :<br \/>&#8211; adh\u00e9rents: 4\u20ac<br \/>&#8211; non adh\u00e9rents: 6\u20ac<\/p>\n<\/div>\n<div id=\"cc-m-13909137530\" class=\"j-module n j-spacing \">\n<div class=\"cc-m-spacer\">Lieu : salle de danse situ\u00e9e dans la Maison des Associations <strong>Villa Diederichs 16 place Jean Jacques Rousseau<\/strong> (\u00e0 c\u00f4t\u00e9 de la m\u00e9diath\u00e8que, stationnement cin\u00e9ma gratuit \u00e0 partir de 19h) \u00e0 Bourgoin-Jallieu<b>.<\/b><\/div>\n<div class=\"cc-m-spacer\"><b>\u00a0<\/b><\/div>\n<\/div>\n<div>\u00a0<\/div>\n<div>\u00a0<\/div>\n<div>\u00a0<\/div>","protected":false},"excerpt":{"rendered":"<p>Une milonga est une soir\u00e9e, un bal, o\u00f9 l&rsquo;on danse le tango argentin. L&rsquo;association organise une milonga le premier samedi de chaque mois de 20h \u00e0 minuit. Participations aux frais [&hellip;]<\/p>\n","protected":false},"author":1,"featured_media":0,"parent":0,"menu_order":3,"comment_status":"closed","ping_status":"closed","template":"","meta":{"site-sidebar-layout":"default","site-content-layout":"","ast-site-content-layout":"default","site-content-style":"default","site-sidebar-style":"default","ast-global-header-display":"","ast-banner-title-visibility":"","ast-main-header-display":"","ast-hfb-above-header-display":"","ast-hfb-below-header-display":"","ast-hfb-mobile-header-display":"","site-post-title":"","ast-breadcrumbs-content":"","ast-featured-img":"","footer-sml-layout":"","theme-transparent-header-meta":"","adv-header-id-meta":"","stick-header-meta":"","header-above-stick-meta":"","header-main-stick-meta":"","header-below-stick-meta":"","astra-migrate-meta-layouts":"set","ast-page-background-enabled":"default","ast-page-background-meta":{"desktop":{"background-color":"var(--ast-global-color-4)","background-image":"","background-repeat":"repeat","background-position":"center center","background-size":"auto","background-attachment":"scroll","background-type":"","background-media":"","overlay-type":"","overlay-color":"","overlay-opacity":"","overlay-gradient":""},"tablet":{"background-color":"","background-image":"","background-repeat":"repeat","background-position":"center center","background-size":"auto","background-attachment":"scroll","background-type":"","background-media":"","overlay-type":"","overlay-color":"","overlay-opacity":"","overlay-gradient":""},"mobile":{"background-color":"","background-image":"","background-repeat":"repeat","background-position":"center center","background-size":"auto","background-attachment":"scroll","background-type":"","background-media":"","overlay-type":"","overlay-color":"","overlay-opacity":"","overlay-gradient":""}},"ast-content-background-meta":{"desktop":{"background-color":"var(--ast-global-color-5)","background-image":"","background-repeat":"repeat","background-position":"center center","background-size":"auto","background-attachment":"scroll","background-type":"","background-media":"","overlay-type":"","overlay-color":"","overlay-opacity":"","overlay-gradient":""},"tablet":{"background-color":"var(--ast-global-color-5)","background-image":"","background-repeat":"repeat","background-position":"center center","background-size":"auto","background-attachment":"scroll","background-type":"","background-media":"","overlay-type":"","overlay-color":"","overlay-opacity":"","overlay-gradient":""},"mobile":{"background-color":"var(--ast-global-color-5)","background-image":"","background-repeat":"repeat","background-position":"center center","background-size":"auto","background-attachment":"scroll","background-type":"","background-media":"","overlay-type":"","overlay-color":"","overlay-opacity":"","overlay-gradient":""}},"footnotes":""},"class_list":["post-66","page","type-page","status-publish","hentry"],"_links":{"self":[{"href":"https:\/\/isanortango.fr\/index.php?rest_route=\/wp\/v2\/pages\/66","targetHints":{"allow":["GET"]}}],"collection":[{"href":"https:\/\/isanortango.fr\/index.php?rest_route=\/wp\/v2\/pages"}],"about":[{"href":"https:\/\/isanortango.fr\/index.php?rest_route=\/wp\/v2\/types\/page"}],"author":[{"embeddable":true,"href":"https:\/\/isanortango.fr\/index.php?rest_route=\/wp\/v2\/users\/1"}],"replies":[{"embeddable":true,"href":"https:\/\/isanortango.fr\/index.php?rest_route=%2Fwp%2Fv2%2Fcomments&post=66"}],"version-history":[{"count":15,"href":"https:\/\/isanortango.fr\/index.php?rest_route=\/wp\/v2\/pages\/66\/revisions"}],"predecessor-version":[{"id":746,"href":"https:\/\/isanortango.fr\/index.php?rest_route=\/wp\/v2\/pages\/66\/revisions\/746"}],"wp:attachment":[{"href":"https:\/\/isanortango.fr\/index.php?rest_route=%2Fwp%2Fv2%2Fmedia&parent=66"}],"curies":[{"name":"wp","href":"https:\/\/api.w.org\/{rel}","templated":true}]}}