{"id":57,"date":"2018-06-07T10:51:20","date_gmt":"2018-06-07T08:51:20","guid":{"rendered":"http:\/\/isanortango.fr\/?page_id=57"},"modified":"2024-07-09T00:03:52","modified_gmt":"2024-07-08T22:03:52","slug":"cours-et-stages","status":"publish","type":"page","link":"https:\/\/isanortango.fr\/?page_id=57","title":{"rendered":"Cours et stages"},"content":{"rendered":"<div id=\"cc-m-13908999530\" class=\"j-module n j-text \">\n<h2><img loading=\"lazy\" decoding=\"async\" class=\"aligncenter size-large wp-image-409\" src=\"https:\/\/isanortango.fr\/wp-content\/uploads\/2022\/10\/IMG_20221017_193741b1280-1024x700.jpg\" alt=\"\" width=\"1024\" height=\"700\" srcset=\"https:\/\/isanortango.fr\/wp-content\/uploads\/2022\/10\/IMG_20221017_193741b1280-1024x700.jpg 1024w, https:\/\/isanortango.fr\/wp-content\/uploads\/2022\/10\/IMG_20221017_193741b1280-300x205.jpg 300w, https:\/\/isanortango.fr\/wp-content\/uploads\/2022\/10\/IMG_20221017_193741b1280-768x525.jpg 768w, https:\/\/isanortango.fr\/wp-content\/uploads\/2022\/10\/IMG_20221017_193741b1280.jpg 1280w\" sizes=\"auto, (max-width: 1024px) 100vw, 1024px\" \/><\/h2>\n<h2><strong>COURS<\/strong><\/h2>\n<p>Les s\u00e9ances ont lieu 2 fois par semaine au choix en fonction de vos disponibilit\u00e9s:<\/p>\n<p><strong>Les cours d\u00e9butants:<img loading=\"lazy\" decoding=\"async\" class=\"alignright wp-image-101 size-full\" src=\"https:\/\/isanortango.fr\/wp-content\/uploads\/2018\/06\/Photo-2.jpg\" alt=\"\" width=\"284\" height=\"455\" srcset=\"https:\/\/isanortango.fr\/wp-content\/uploads\/2018\/06\/Photo-2.jpg 284w, https:\/\/isanortango.fr\/wp-content\/uploads\/2018\/06\/Photo-2-187x300.jpg 187w\" sizes=\"auto, (max-width: 284px) 100vw, 284px\" \/><\/strong><\/p>\n<ul>\n<li>le lundi de 19h \u00e0 20h<\/li>\n<li>le jeudi 19h \u00e0 20h<\/li>\n<\/ul>\n<\/div>\n<p><strong>Les cours d&rsquo;approfondissement:<\/strong><\/p>\n<ul>\n<li>le lundi de 20h \u00e0 21h<\/li>\n<li>le jeudi de 20h \u00e0 21h<\/li>\n<\/ul>\n<div id=\"cc-m-13909130930\" class=\"j-module n j-text \">\n<p><span style=\"color: #ff00ff;\">Nouveau \u00e0 la rentr\u00e9e 2024 !<\/span><br \/>\nLieu : salle de danse situ\u00e9e dans la Maison des associations <strong><span style=\"color: #ff00ff;\">Villa Diederichs 16 place Jean Jacques Rousseau<\/span><\/strong> (\u00e0 c\u00f4t\u00e9 de la m\u00e9diath\u00e8que, stationnement cin\u00e9ma gratuit \u00e0 partir de 19h) \u00e0 Bourgoin-Jallieu<b>.<br \/>\n<\/b><\/p>\n<\/div>\n<div id=\"cc-m-13909138530\" class=\"j-module n j-text \">\n<p>Cotisation annuelle \u00e0 l&rsquo;association pour la saison\u00a0 2024\/2025 : 20 \u20ac<\/p>\n<p><del>Prix par s\u00e9ance <strong>4 \u20ac<\/strong> payable \u00e0 chaque pr\u00e9sence.<br \/>\n<\/del><strong><span style=\"color: #ff00ff;\">Nouveau \u00e0 la rentr\u00e9e 2024 : f<\/span><span style=\"color: #ff00ff;\">orfait illimit\u00e9 annuel de 120\u20ac<\/span><\/strong><\/p>\n<p>Les d\u00e9butants sont les bienvenus, des cours sont organis\u00e9s chaque ann\u00e9e en fonction des besoins.<\/p>\n<h2><\/h2>\n<h2><strong>STAGES<\/strong><\/h2>\n<\/div>\n<p>Des stages sont organis\u00e9s ponctuellement le samedi apr\u00e8s-midi. Pour conna\u00eetre les dates consulter r\u00e9guli\u00e8rement la page d&rsquo;accueil de ce site.<\/p>\n<p>Apporter chaussons (ou chaussettes) et chaussures de danse.<\/p>\n<p>Le dernier stage a \u00e9t\u00e9 anim\u00e9 par In\u00e8s. Il s&rsquo;agissait d&rsquo;un stage <b>\u00ab\u00a0Technique femme\u00a0\u00bb<\/b> dans notre salle de danse et s&rsquo;adressait aux danseuses de tango de tous niveaux.<\/p>\n<p>Renseignements et inscription par courriel \u00e0 <a href=\"mailto:isanortango@gmail.com\">isanortango@gmail.com<\/a>.<\/p>\n","protected":false},"excerpt":{"rendered":"<p>COURS Les s\u00e9ances ont lieu 2 fois par semaine au choix en fonction de vos disponibilit\u00e9s: Les cours d\u00e9butants: le lundi de 19h \u00e0 20h le jeudi 19h \u00e0 20h [&hellip;]<\/p>\n","protected":false},"author":1,"featured_media":0,"parent":0,"menu_order":2,"comment_status":"closed","ping_status":"closed","template":"","meta":{"site-sidebar-layout":"default","site-content-layout":"","ast-site-content-layout":"default","site-content-style":"default","site-sidebar-style":"default","ast-global-header-display":"","ast-banner-title-visibility":"","ast-main-header-display":"","ast-hfb-above-header-display":"","ast-hfb-below-header-display":"","ast-hfb-mobile-header-display":"","site-post-title":"","ast-breadcrumbs-content":"","ast-featured-img":"","footer-sml-layout":"","ast-disable-related-posts":"","theme-transparent-header-meta":"","adv-header-id-meta":"","stick-header-meta":"","header-above-stick-meta":"","header-main-stick-meta":"","header-below-stick-meta":"","astra-migrate-meta-layouts":"set","ast-page-background-enabled":"default","ast-page-background-meta":{"desktop":{"background-color":"var(--ast-global-color-4)","background-image":"","background-repeat":"repeat","background-position":"center center","background-size":"auto","background-attachment":"scroll","background-type":"","background-media":"","overlay-type":"","overlay-color":"","overlay-opacity":"","overlay-gradient":""},"tablet":{"background-color":"","background-image":"","background-repeat":"repeat","background-position":"center center","background-size":"auto","background-attachment":"scroll","background-type":"","background-media":"","overlay-type":"","overlay-color":"","overlay-opacity":"","overlay-gradient":""},"mobile":{"background-color":"","background-image":"","background-repeat":"repeat","background-position":"center center","background-size":"auto","background-attachment":"scroll","background-type":"","background-media":"","overlay-type":"","overlay-color":"","overlay-opacity":"","overlay-gradient":""}},"ast-content-background-meta":{"desktop":{"background-color":"var(--ast-global-color-5)","background-image":"","background-repeat":"repeat","background-position":"center center","background-size":"auto","background-attachment":"scroll","background-type":"","background-media":"","overlay-type":"","overlay-color":"","overlay-opacity":"","overlay-gradient":""},"tablet":{"background-color":"var(--ast-global-color-5)","background-image":"","background-repeat":"repeat","background-position":"center center","background-size":"auto","background-attachment":"scroll","background-type":"","background-media":"","overlay-type":"","overlay-color":"","overlay-opacity":"","overlay-gradient":""},"mobile":{"background-color":"var(--ast-global-color-5)","background-image":"","background-repeat":"repeat","background-position":"center center","background-size":"auto","background-attachment":"scroll","background-type":"","background-media":"","overlay-type":"","overlay-color":"","overlay-opacity":"","overlay-gradient":""}},"footnotes":""},"class_list":["post-57","page","type-page","status-publish","hentry"],"_links":{"self":[{"href":"https:\/\/isanortango.fr\/index.php?rest_route=\/wp\/v2\/pages\/57","targetHints":{"allow":["GET"]}}],"collection":[{"href":"https:\/\/isanortango.fr\/index.php?rest_route=\/wp\/v2\/pages"}],"about":[{"href":"https:\/\/isanortango.fr\/index.php?rest_route=\/wp\/v2\/types\/page"}],"author":[{"embeddable":true,"href":"https:\/\/isanortango.fr\/index.php?rest_route=\/wp\/v2\/users\/1"}],"replies":[{"embeddable":true,"href":"https:\/\/isanortango.fr\/index.php?rest_route=%2Fwp%2Fv2%2Fcomments&post=57"}],"version-history":[{"count":25,"href":"https:\/\/isanortango.fr\/index.php?rest_route=\/wp\/v2\/pages\/57\/revisions"}],"predecessor-version":[{"id":739,"href":"https:\/\/isanortango.fr\/index.php?rest_route=\/wp\/v2\/pages\/57\/revisions\/739"}],"wp:attachment":[{"href":"https:\/\/isanortango.fr\/index.php?rest_route=%2Fwp%2Fv2%2Fmedia&parent=57"}],"curies":[{"name":"wp","href":"https:\/\/api.w.org\/{rel}","templated":true}]}}