{"id":19,"date":"2018-06-07T09:56:12","date_gmt":"2018-06-07T07:56:12","guid":{"rendered":"http:\/\/isanortango.fr\/?page_id=19"},"modified":"2024-04-28T17:34:41","modified_gmt":"2024-04-28T15:34:41","slug":"a-propos-de","status":"publish","type":"page","link":"https:\/\/isanortango.fr\/?page_id=19","title":{"rendered":"A propos de l&rsquo;association"},"content":{"rendered":"<div id=\"cc-m-13909164530\" class=\"j-module n j-spacing \">\n<div class=\"cc-m-spacer\">\u00a0<\/div>\n<\/div>\n<div id=\"cc-m-13909506230\" class=\"j-module n j-hgrid \">\n<div class=\"cc-m-hgrid-column\">\n<div id=\"cc-matrix-4044986330\">\n<div id=\"cc-m-13909507030\" class=\"j-module n j-imageSubtitle \">\n<figure class=\"cc-imagewrapper cc-m-image-align-3\"><img loading=\"lazy\" decoding=\"async\" class=\" wp-image-54 alignleft\" src=\"https:\/\/isanortango.fr\/wp-content\/uploads\/2018\/06\/Affiche-Isanortango-212x300.jpg\" alt=\"\" width=\"268\" height=\"379\" srcset=\"https:\/\/isanortango.fr\/wp-content\/uploads\/2018\/06\/Affiche-Isanortango-212x300.jpg 212w, https:\/\/isanortango.fr\/wp-content\/uploads\/2018\/06\/Affiche-Isanortango-768x1085.jpg 768w, https:\/\/isanortango.fr\/wp-content\/uploads\/2018\/06\/Affiche-Isanortango-725x1024.jpg 725w\" sizes=\"auto, (max-width: 268px) 100vw, 268px\" \/><\/figure>\n<\/div>\n<\/div>\n<\/div>\n<div class=\"cc-m-hgrid-column last\">\n<div id=\"cc-matrix-4044986430\">\n<div id=\"cc-m-13909509330\" class=\"j-module n j-text \">\n<p>Isanortango est une association loi 1901 \u00e0 but non lucratif, cr\u00e9\u00e9e en 2011 et situ\u00e9e \u00e0 Bourgoin-Jallieu dans le Nord-Is\u00e8re.<\/p>\n<p>L\u2019association a pour objectifs de promouvoir, initier et pratiquer les danses d\u2019origine latino-am\u00e9ricaine et plus particuli\u00e8rement le tango argentin.<\/p>\n<p>Le tango est une danse sociale et un genre musical n\u00e9 \u00e0 la fin du XIXe si\u00e8cle. Comme forme rythmique, il d\u00e9signe le plus souvent une mesure \u00e0 deux ou quatre temps plut\u00f4t marqu\u00e9s, mais avec un vaste \u00e9ventail de tempos et de styles rythmiques tr\u00e8s diff\u00e9rents selon les \u00e9poques et les orchestres. C\u2019est une danse de bal qui se danse \u00e0 deux. C&rsquo;est une danse d&rsquo;improvisation, au sens o\u00f9 les pas ne sont pas pr\u00e9vus \u00e0 l&rsquo;avance pour \u00eatre r\u00e9p\u00e9t\u00e9s s\u00e9quentiellement, mais o\u00f9 les deux partenaires marchent ensemble vers une direction impromptue \u00e0 chaque instant.<\/p>\n<\/div>\n<\/div>\n<\/div>\n<\/div>\n<p><!--more--><\/p>\n\n\n<div class=\"wp-block-columns alignfull is-layout-flex wp-container-core-columns-is-layout-28f84493 wp-block-columns-is-layout-flex\">\n<div class=\"wp-block-column is-layout-flow wp-block-column-is-layout-flow\">\n<figure class=\"wp-block-video aligncenter\"><video controls src=\"https:\/\/isanortango.fr\/wp-content\/uploads\/2022\/10\/VID_20221005_205239-3.m4v\"><\/video><figcaption class=\"wp-element-caption\">Annick et Joaquim dansent \u00e0 la fin d&rsquo;un cours.<\/figcaption><\/figure>\n<\/div>\n<\/div>\n\n\n\n<div class=\"wp-block-columns alignfull is-layout-flex wp-container-core-columns-is-layout-28f84493 wp-block-columns-is-layout-flex\">\n<div class=\"wp-block-column is-layout-flow wp-block-column-is-layout-flow\">\n<figure class=\"wp-block-video aligncenter\"><video controls src=\"https:\/\/isanortango.fr\/wp-content\/uploads\/2024\/04\/VID_20230621_200536.m4v\"><\/video><figcaption class=\"wp-element-caption\">In\u00e8s et Joaquim \u00e0 la f\u00eate de la musique<\/figcaption><\/figure>\n<\/div>\n<\/div>\n\n\n\n<div class=\"wp-block-columns alignfull is-layout-flex wp-container-core-columns-is-layout-28f84493 wp-block-columns-is-layout-flex\">\n<div class=\"wp-block-column is-layout-flow wp-block-column-is-layout-flow\">\n<div class=\"wp-block-buttons is-layout-flex wp-block-buttons-is-layout-flex\">\n<div class=\"wp-block-button\"><a class=\"wp-block-button__link has-text-align-center wp-element-button\" href=\"https:\/\/isanortango.fr\/?page_id=678\">Acc\u00e8s adh\u00e9rent aux albums photos de l&rsquo;association<\/a><\/div>\n<\/div>\n<\/div>\n<\/div>\n","protected":false},"excerpt":{"rendered":"<p>\u00a0 Isanortango est une association loi 1901 \u00e0 but non lucratif, cr\u00e9\u00e9e en 2011 et situ\u00e9e \u00e0 Bourgoin-Jallieu dans le Nord-Is\u00e8re. L\u2019association a pour objectifs de promouvoir, initier et pratiquer [&hellip;]<\/p>\n","protected":false},"author":1,"featured_media":0,"parent":0,"menu_order":4,"comment_status":"closed","ping_status":"closed","template":"","meta":{"site-sidebar-layout":"default","site-content-layout":"","ast-site-content-layout":"default","site-content-style":"default","site-sidebar-style":"default","ast-global-header-display":"","ast-banner-title-visibility":"","ast-main-header-display":"","ast-hfb-above-header-display":"","ast-hfb-below-header-display":"","ast-hfb-mobile-header-display":"","site-post-title":"","ast-breadcrumbs-content":"","ast-featured-img":"","footer-sml-layout":"","theme-transparent-header-meta":"","adv-header-id-meta":"","stick-header-meta":"","header-above-stick-meta":"","header-main-stick-meta":"","header-below-stick-meta":"","astra-migrate-meta-layouts":"set","ast-page-background-enabled":"default","ast-page-background-meta":{"desktop":{"background-color":"var(--ast-global-color-4)","background-image":"","background-repeat":"repeat","background-position":"center center","background-size":"auto","background-attachment":"scroll","background-type":"","background-media":"","overlay-type":"","overlay-color":"","overlay-opacity":"","overlay-gradient":""},"tablet":{"background-color":"","background-image":"","background-repeat":"repeat","background-position":"center center","background-size":"auto","background-attachment":"scroll","background-type":"","background-media":"","overlay-type":"","overlay-color":"","overlay-opacity":"","overlay-gradient":""},"mobile":{"background-color":"","background-image":"","background-repeat":"repeat","background-position":"center center","background-size":"auto","background-attachment":"scroll","background-type":"","background-media":"","overlay-type":"","overlay-color":"","overlay-opacity":"","overlay-gradient":""}},"ast-content-background-meta":{"desktop":{"background-color":"var(--ast-global-color-5)","background-image":"","background-repeat":"repeat","background-position":"center center","background-size":"auto","background-attachment":"scroll","background-type":"","background-media":"","overlay-type":"","overlay-color":"","overlay-opacity":"","overlay-gradient":""},"tablet":{"background-color":"var(--ast-global-color-5)","background-image":"","background-repeat":"repeat","background-position":"center center","background-size":"auto","background-attachment":"scroll","background-type":"","background-media":"","overlay-type":"","overlay-color":"","overlay-opacity":"","overlay-gradient":""},"mobile":{"background-color":"var(--ast-global-color-5)","background-image":"","background-repeat":"repeat","background-position":"center center","background-size":"auto","background-attachment":"scroll","background-type":"","background-media":"","overlay-type":"","overlay-color":"","overlay-opacity":"","overlay-gradient":""}},"footnotes":""},"class_list":["post-19","page","type-page","status-publish","hentry"],"_links":{"self":[{"href":"https:\/\/isanortango.fr\/index.php?rest_route=\/wp\/v2\/pages\/19","targetHints":{"allow":["GET"]}}],"collection":[{"href":"https:\/\/isanortango.fr\/index.php?rest_route=\/wp\/v2\/pages"}],"about":[{"href":"https:\/\/isanortango.fr\/index.php?rest_route=\/wp\/v2\/types\/page"}],"author":[{"embeddable":true,"href":"https:\/\/isanortango.fr\/index.php?rest_route=\/wp\/v2\/users\/1"}],"replies":[{"embeddable":true,"href":"https:\/\/isanortango.fr\/index.php?rest_route=%2Fwp%2Fv2%2Fcomments&post=19"}],"version-history":[{"count":14,"href":"https:\/\/isanortango.fr\/index.php?rest_route=\/wp\/v2\/pages\/19\/revisions"}],"predecessor-version":[{"id":689,"href":"https:\/\/isanortango.fr\/index.php?rest_route=\/wp\/v2\/pages\/19\/revisions\/689"}],"wp:attachment":[{"href":"https:\/\/isanortango.fr\/index.php?rest_route=%2Fwp%2Fv2%2Fmedia&parent=19"}],"curies":[{"name":"wp","href":"https:\/\/api.w.org\/{rel}","templated":true}]}}